{"id":9199,"date":"2021-09-19T21:46:31","date_gmt":"2021-09-19T20:46:31","guid":{"rendered":"https:\/\/bmin.info\/WP\/?page_id=9199"},"modified":"2021-09-19T21:46:53","modified_gmt":"2021-09-19T20:46:53","slug":"%cb%99-mag-a-bernadette-feuerstein","status":"publish","type":"page","link":"https:\/\/bmin.info\/WP\/aktivistinnen\/%cb%99-mag-a-bernadette-feuerstein\/","title":{"rendered":"Mag.a Bernadette Feuerstein"},"content":{"rendered":"\n<p><strong>SLI Aktivistin<\/strong><\/p>\n\n\n\n<p><br \/>Geboren 1959 in Wien, trotz Behinderung Besuch der Regelschule, Studium der Soziologie. Gr\u00fcndungsmitglied von BIZEPS, Mitbegr\u00fcnderin der WAG-Wiener Assistenzgenossenschaft, Obfrau SLI -Wien, Obfrau von SLI\u00d6-Selbstbestimmt Leben \u00d6sterreich. Im &#8222;Brotberuf&#8220; Konsumentensch\u00fctzerin im Ministerium. Seit \u00fcber 30 Jahren behindertenpolitisch t\u00e4tig mit den Schwerpunkten: Barrierefreiheit, Gleichstellung, Selbstbestimmung und Pers\u00f6nliche Assistenz.<br \/><br \/>Motto: Wer soll denn die Welt \u00e4ndern wenn nicht wir?<\/p>\n","protected":false},"excerpt":{"rendered":"<p>SLI Aktivistin Geboren 1959 in Wien, trotz Behinderung Besuch der Regelschule, Studium der Soziologie. Gr\u00fcndungsmitglied von BIZEPS, Mitbegr\u00fcnderin der WAG-Wiener Assistenzgenossenschaft, Obfrau SLI -Wien, Obfrau von SLI\u00d6-Selbstbestimmt Leben \u00d6sterreich. Im &#8222;Brotberuf&#8220; Konsumentensch\u00fctzerin im Ministerium. Seit \u00fcber 30 Jahren behindertenpolitisch t\u00e4tig mit den Schwerpunkten: Barrierefreiheit, Gleichstellung, Selbstbestimmung und Pers\u00f6nliche Assistenz. Motto: Wer soll denn die Welt&#8230; <a href=\"https:\/\/bmin.info\/WP\/aktivistinnen\/%cb%99-mag-a-bernadette-feuerstein\/\" class=\"more-link\">Continue reading <span class=\"screen-reader-text\">Mag.a Bernadette Feuerstein<\/span><\/a><\/p>\n","protected":false},"author":1,"featured_media":0,"parent":71,"menu_order":0,"comment_status":"closed","ping_status":"closed","template":"template\/full-width.php","meta":{"footnotes":""},"class_list":["post-9199","page","type-page","status-publish","hentry"],"_links":{"self":[{"href":"https:\/\/bmin.info\/WP\/wp-json\/wp\/v2\/pages\/9199","targetHints":{"allow":["GET"]}}],"collection":[{"href":"https:\/\/bmin.info\/WP\/wp-json\/wp\/v2\/pages"}],"about":[{"href":"https:\/\/bmin.info\/WP\/wp-json\/wp\/v2\/types\/page"}],"author":[{"embeddable":true,"href":"https:\/\/bmin.info\/WP\/wp-json\/wp\/v2\/users\/1"}],"replies":[{"embeddable":true,"href":"https:\/\/bmin.info\/WP\/wp-json\/wp\/v2\/comments?post=9199"}],"version-history":[{"count":3,"href":"https:\/\/bmin.info\/WP\/wp-json\/wp\/v2\/pages\/9199\/revisions"}],"predecessor-version":[{"id":9445,"href":"https:\/\/bmin.info\/WP\/wp-json\/wp\/v2\/pages\/9199\/revisions\/9445"}],"up":[{"embeddable":true,"href":"https:\/\/bmin.info\/WP\/wp-json\/wp\/v2\/pages\/71"}],"wp:attachment":[{"href":"https:\/\/bmin.info\/WP\/wp-json\/wp\/v2\/media?parent=9199"}],"curies":[{"name":"wp","href":"https:\/\/api.w.org\/{rel}","templated":true}]}}