{"id":9201,"date":"2021-09-19T21:49:14","date_gmt":"2021-09-19T20:49:14","guid":{"rendered":"https:\/\/bmin.info\/WP\/?page_id=9201"},"modified":"2021-09-19T21:49:15","modified_gmt":"2021-09-19T20:49:15","slug":"mag-a-phil-petra-flieger","status":"publish","type":"page","link":"https:\/\/bmin.info\/WP\/aktivistinnen\/mag-a-phil-petra-flieger\/","title":{"rendered":"Mag.a phil. Petra Flieger"},"content":{"rendered":"\n<p><strong>Integrationsp\u00e4dagogin<\/strong><\/p>\n\n\n\n<p><br \/>Geboren 1965, arbeitet als freie Sozialwissenschaftlerin in Projekten f\u00fcr unterschiedliche AuftraggeberInnen und ist seit vielen Jahren eine Verb\u00fcndete der Selbstbestimmt-Leben Bewegung<\/p>\n","protected":false},"excerpt":{"rendered":"<p>Integrationsp\u00e4dagogin Geboren 1965, arbeitet als freie Sozialwissenschaftlerin in Projekten f\u00fcr unterschiedliche AuftraggeberInnen und ist seit vielen Jahren eine Verb\u00fcndete der Selbstbestimmt-Leben Bewegung<\/p>\n","protected":false},"author":1,"featured_media":0,"parent":71,"menu_order":0,"comment_status":"closed","ping_status":"closed","template":"template\/full-width.php","meta":{"footnotes":""},"class_list":["post-9201","page","type-page","status-publish","hentry"],"_links":{"self":[{"href":"https:\/\/bmin.info\/WP\/wp-json\/wp\/v2\/pages\/9201","targetHints":{"allow":["GET"]}}],"collection":[{"href":"https:\/\/bmin.info\/WP\/wp-json\/wp\/v2\/pages"}],"about":[{"href":"https:\/\/bmin.info\/WP\/wp-json\/wp\/v2\/types\/page"}],"author":[{"embeddable":true,"href":"https:\/\/bmin.info\/WP\/wp-json\/wp\/v2\/users\/1"}],"replies":[{"embeddable":true,"href":"https:\/\/bmin.info\/WP\/wp-json\/wp\/v2\/comments?post=9201"}],"version-history":[{"count":2,"href":"https:\/\/bmin.info\/WP\/wp-json\/wp\/v2\/pages\/9201\/revisions"}],"predecessor-version":[{"id":9449,"href":"https:\/\/bmin.info\/WP\/wp-json\/wp\/v2\/pages\/9201\/revisions\/9449"}],"up":[{"embeddable":true,"href":"https:\/\/bmin.info\/WP\/wp-json\/wp\/v2\/pages\/71"}],"wp:attachment":[{"href":"https:\/\/bmin.info\/WP\/wp-json\/wp\/v2\/media?parent=9201"}],"curies":[{"name":"wp","href":"https:\/\/api.w.org\/{rel}","templated":true}]}}