{"id":9206,"date":"2021-09-19T21:47:51","date_gmt":"2021-09-19T20:47:51","guid":{"rendered":"https:\/\/bmin.info\/WP\/?page_id=9206"},"modified":"2021-09-19T21:48:17","modified_gmt":"2021-09-19T20:48:17","slug":"mag-wolfgang-glaser","status":"publish","type":"page","link":"https:\/\/bmin.info\/WP\/aktivistinnen\/mag-wolfgang-glaser\/","title":{"rendered":"Mag. Wolfgang Glaser"},"content":{"rendered":"\n<p><strong>SLI Aktivist<br \/><\/strong><\/p>\n\n\n\n<p>1964 in Steyr mit Behinderung geboren, Rollstuhlfahrer. Seit 1989 in der Selbstbestimmt-Leben-Bewegung engagiert. Seit 1992 ehrenamtlicher Obmann-Stellvertreter des Verbandes der Querschnittgel\u00e4hmten \u00d6sterreichs. 1994 Abschluss des Studiums der Publizistik und Kommunikationswissenschaften an der Universit\u00e4t Salzburg. Organisierte zahlreiche Gro\u00dfveranstaltungen zu behindertenspezifischen Themen. Seit 2009 Leiter des Empowerment-Centers der Selbstbestimmt-Leben-Initiative O\u00d6 und Initiator einer in O\u00d6 gesetzlich anerkannten Ausbildung f\u00fcr Peer-BeraterInnen.<\/p>\n","protected":false},"excerpt":{"rendered":"<p>SLI Aktivist 1964 in Steyr mit Behinderung geboren, Rollstuhlfahrer. Seit 1989 in der Selbstbestimmt-Leben-Bewegung engagiert. Seit 1992 ehrenamtlicher Obmann-Stellvertreter des Verbandes der Querschnittgel\u00e4hmten \u00d6sterreichs. 1994 Abschluss des Studiums der Publizistik und Kommunikationswissenschaften an der Universit\u00e4t Salzburg. Organisierte zahlreiche Gro\u00dfveranstaltungen zu behindertenspezifischen Themen. Seit 2009 Leiter des Empowerment-Centers der Selbstbestimmt-Leben-Initiative O\u00d6 und Initiator einer in O\u00d6&#8230; <a href=\"https:\/\/bmin.info\/WP\/aktivistinnen\/mag-wolfgang-glaser\/\" class=\"more-link\">Continue reading <span class=\"screen-reader-text\">Mag. Wolfgang Glaser<\/span><\/a><\/p>\n","protected":false},"author":1,"featured_media":0,"parent":71,"menu_order":0,"comment_status":"closed","ping_status":"closed","template":"template\/full-width.php","meta":{"footnotes":""},"class_list":["post-9206","page","type-page","status-publish","hentry"],"_links":{"self":[{"href":"https:\/\/bmin.info\/WP\/wp-json\/wp\/v2\/pages\/9206","targetHints":{"allow":["GET"]}}],"collection":[{"href":"https:\/\/bmin.info\/WP\/wp-json\/wp\/v2\/pages"}],"about":[{"href":"https:\/\/bmin.info\/WP\/wp-json\/wp\/v2\/types\/page"}],"author":[{"embeddable":true,"href":"https:\/\/bmin.info\/WP\/wp-json\/wp\/v2\/users\/1"}],"replies":[{"embeddable":true,"href":"https:\/\/bmin.info\/WP\/wp-json\/wp\/v2\/comments?post=9206"}],"version-history":[{"count":2,"href":"https:\/\/bmin.info\/WP\/wp-json\/wp\/v2\/pages\/9206\/revisions"}],"predecessor-version":[{"id":9447,"href":"https:\/\/bmin.info\/WP\/wp-json\/wp\/v2\/pages\/9206\/revisions\/9447"}],"up":[{"embeddable":true,"href":"https:\/\/bmin.info\/WP\/wp-json\/wp\/v2\/pages\/71"}],"wp:attachment":[{"href":"https:\/\/bmin.info\/WP\/wp-json\/wp\/v2\/media?parent=9206"}],"curies":[{"name":"wp","href":"https:\/\/api.w.org\/{rel}","templated":true}]}}