{"id":9216,"date":"2021-08-02T11:12:50","date_gmt":"2021-08-02T10:12:50","guid":{"rendered":"https:\/\/bmin.info\/WP\/?page_id=9216"},"modified":"2021-09-19T21:44:57","modified_gmt":"2021-09-19T20:44:57","slug":"hannes-wurstbauer","status":"publish","type":"page","link":"https:\/\/bmin.info\/WP\/aktivistinnen\/hannes-wurstbauer\/","title":{"rendered":"Hannes Wurstbauer"},"content":{"rendered":"\n<p><strong>Peer-Berater<\/strong><\/p>\n\n\n\n<p><br \/>Seit 1987 durch einen Badeunfall querschnittgel\u00e4hmt (Tetraplegie). Arbeitet als ausgebildeter Peer \u2013 Berater bei BIZEPS und engagiert sich f\u00fcr die Rechte behinderter Menschen.<br \/>Lebt seit Jahren mit \u00dcberzeugung nach den Kriterien der &#8222;Selbstbestimmt-Leben-Bewegung&#8220;, und Pers\u00f6nliche Assistenz erm\u00f6glicht ihm ein unabh\u00e4ngiges Leben.<\/p>\n","protected":false},"excerpt":{"rendered":"<p>Peer-Berater Seit 1987 durch einen Badeunfall querschnittgel\u00e4hmt (Tetraplegie). Arbeitet als ausgebildeter Peer \u2013 Berater bei BIZEPS und engagiert sich f\u00fcr die Rechte behinderter Menschen.Lebt seit Jahren mit \u00dcberzeugung nach den Kriterien der &#8222;Selbstbestimmt-Leben-Bewegung&#8220;, und Pers\u00f6nliche Assistenz erm\u00f6glicht ihm ein unabh\u00e4ngiges Leben.<\/p>\n","protected":false},"author":1,"featured_media":0,"parent":71,"menu_order":0,"comment_status":"closed","ping_status":"closed","template":"template\/full-width.php","meta":{"footnotes":""},"class_list":["post-9216","page","type-page","status-publish","hentry"],"_links":{"self":[{"href":"https:\/\/bmin.info\/WP\/wp-json\/wp\/v2\/pages\/9216","targetHints":{"allow":["GET"]}}],"collection":[{"href":"https:\/\/bmin.info\/WP\/wp-json\/wp\/v2\/pages"}],"about":[{"href":"https:\/\/bmin.info\/WP\/wp-json\/wp\/v2\/types\/page"}],"author":[{"embeddable":true,"href":"https:\/\/bmin.info\/WP\/wp-json\/wp\/v2\/users\/1"}],"replies":[{"embeddable":true,"href":"https:\/\/bmin.info\/WP\/wp-json\/wp\/v2\/comments?post=9216"}],"version-history":[{"count":1,"href":"https:\/\/bmin.info\/WP\/wp-json\/wp\/v2\/pages\/9216\/revisions"}],"predecessor-version":[{"id":9217,"href":"https:\/\/bmin.info\/WP\/wp-json\/wp\/v2\/pages\/9216\/revisions\/9217"}],"up":[{"embeddable":true,"href":"https:\/\/bmin.info\/WP\/wp-json\/wp\/v2\/pages\/71"}],"wp:attachment":[{"href":"https:\/\/bmin.info\/WP\/wp-json\/wp\/v2\/media?parent=9216"}],"curies":[{"name":"wp","href":"https:\/\/api.w.org\/{rel}","templated":true}]}}