{"id":9514,"date":"2021-09-19T23:54:10","date_gmt":"2021-09-19T22:54:10","guid":{"rendered":"https:\/\/bmin.info\/WP\/?page_id=9514"},"modified":"2021-09-19T23:54:10","modified_gmt":"2021-09-19T22:54:10","slug":"mag-hubert-stockner","status":"publish","type":"page","link":"https:\/\/bmin.info\/WP\/aktivistinnen\/mag-hubert-stockner\/","title":{"rendered":"Mag. Hubert Stockner"},"content":{"rendered":"\n<p><strong>SLI Aktivist<\/strong><\/p>\n\n\n\n<p><br \/>Geboren 1967, Rollstuhlfahrer, Studium der Politikwissenschaft. Seit vielen Jahren engagiert in der Kr\u00fcppel- und Selbstbestimmt Leben Bewegung. Mitbegr\u00fcnder und Gesch\u00e4ftsf\u00fchrer von Selbstbestimmt Leben Innsbruck, stellvertretender Vorsitzender von Selbstbestimmt Leben \u00d6sterreich.<\/p>\n","protected":false},"excerpt":{"rendered":"<p>SLI Aktivist Geboren 1967, Rollstuhlfahrer, Studium der Politikwissenschaft. Seit vielen Jahren engagiert in der Kr\u00fcppel- und Selbstbestimmt Leben Bewegung. Mitbegr\u00fcnder und Gesch\u00e4ftsf\u00fchrer von Selbstbestimmt Leben Innsbruck, stellvertretender Vorsitzender von Selbstbestimmt Leben \u00d6sterreich.<\/p>\n","protected":false},"author":1,"featured_media":0,"parent":71,"menu_order":0,"comment_status":"closed","ping_status":"closed","template":"template\/full-width.php","meta":{"footnotes":""},"class_list":["post-9514","page","type-page","status-publish","hentry"],"_links":{"self":[{"href":"https:\/\/bmin.info\/WP\/wp-json\/wp\/v2\/pages\/9514","targetHints":{"allow":["GET"]}}],"collection":[{"href":"https:\/\/bmin.info\/WP\/wp-json\/wp\/v2\/pages"}],"about":[{"href":"https:\/\/bmin.info\/WP\/wp-json\/wp\/v2\/types\/page"}],"author":[{"embeddable":true,"href":"https:\/\/bmin.info\/WP\/wp-json\/wp\/v2\/users\/1"}],"replies":[{"embeddable":true,"href":"https:\/\/bmin.info\/WP\/wp-json\/wp\/v2\/comments?post=9514"}],"version-history":[{"count":1,"href":"https:\/\/bmin.info\/WP\/wp-json\/wp\/v2\/pages\/9514\/revisions"}],"predecessor-version":[{"id":9515,"href":"https:\/\/bmin.info\/WP\/wp-json\/wp\/v2\/pages\/9514\/revisions\/9515"}],"up":[{"embeddable":true,"href":"https:\/\/bmin.info\/WP\/wp-json\/wp\/v2\/pages\/71"}],"wp:attachment":[{"href":"https:\/\/bmin.info\/WP\/wp-json\/wp\/v2\/media?parent=9514"}],"curies":[{"name":"wp","href":"https:\/\/api.w.org\/{rel}","templated":true}]}}