{"id":9544,"date":"2021-09-20T00:16:35","date_gmt":"2021-09-19T23:16:35","guid":{"rendered":"https:\/\/bmin.info\/WP\/?page_id=9544"},"modified":"2021-10-15T11:53:56","modified_gmt":"2021-10-15T10:53:56","slug":"thomas-stix","status":"publish","type":"page","link":"https:\/\/bmin.info\/WP\/aktivistinnen\/thomas-stix\/","title":{"rendered":"Thomas Stix"},"content":{"rendered":"\n<p><strong>Aktivist<\/strong><\/p>\n\n\n\n<p>Geboren 1973 in Ober\u00f6sterreich. Besuch der Volkschule und Hauptschule Attnang, danach Handelsakademie V\u00f6cklabruck. 4 Jahre angestellt bei einem Steuerberater.<\/p>\n\n\n\n<p>1998 Umzug nach Wien. Studium Philosophie an der Universit\u00e4t Wien. Seitdem in der Wiener Behindertenbewegung aktiv.<\/p>\n\n\n\n<p>Lebt seit 1998 mit Pers\u00f6nlicher Assistenz rund um die Uhr.<\/p>\n\n\n\n<p>Seit 2010 selbstst\u00e4ndiger Kleinunternehmer: Betreiber eines Webportals.<\/p>\n\n\n\n<p>Lieblingszitat: &#8222;Der Sinn des Lebens, wissen Sie, was das ist? &#8211; Das Leben!&#8220; (K. Lagerfeld)<\/p>\n","protected":false},"excerpt":{"rendered":"<p>Aktivist Geboren 1973 in Ober\u00f6sterreich. Besuch der Volkschule und Hauptschule Attnang, danach Handelsakademie V\u00f6cklabruck. 4 Jahre angestellt bei einem Steuerberater. 1998 Umzug nach Wien. Studium Philosophie an der Universit\u00e4t Wien. Seitdem in der Wiener Behindertenbewegung aktiv. Lebt seit 1998 mit Pers\u00f6nlicher Assistenz rund um die Uhr. Seit 2010 selbstst\u00e4ndiger Kleinunternehmer: Betreiber eines Webportals. Lieblingszitat: &#8222;Der&#8230; <a href=\"https:\/\/bmin.info\/WP\/aktivistinnen\/thomas-stix\/\" class=\"more-link\">Continue reading <span class=\"screen-reader-text\">Thomas Stix<\/span><\/a><\/p>\n","protected":false},"author":1,"featured_media":0,"parent":71,"menu_order":0,"comment_status":"closed","ping_status":"closed","template":"template\/full-width.php","meta":{"footnotes":""},"class_list":["post-9544","page","type-page","status-publish","hentry"],"_links":{"self":[{"href":"https:\/\/bmin.info\/WP\/wp-json\/wp\/v2\/pages\/9544","targetHints":{"allow":["GET"]}}],"collection":[{"href":"https:\/\/bmin.info\/WP\/wp-json\/wp\/v2\/pages"}],"about":[{"href":"https:\/\/bmin.info\/WP\/wp-json\/wp\/v2\/types\/page"}],"author":[{"embeddable":true,"href":"https:\/\/bmin.info\/WP\/wp-json\/wp\/v2\/users\/1"}],"replies":[{"embeddable":true,"href":"https:\/\/bmin.info\/WP\/wp-json\/wp\/v2\/comments?post=9544"}],"version-history":[{"count":2,"href":"https:\/\/bmin.info\/WP\/wp-json\/wp\/v2\/pages\/9544\/revisions"}],"predecessor-version":[{"id":9782,"href":"https:\/\/bmin.info\/WP\/wp-json\/wp\/v2\/pages\/9544\/revisions\/9782"}],"up":[{"embeddable":true,"href":"https:\/\/bmin.info\/WP\/wp-json\/wp\/v2\/pages\/71"}],"wp:attachment":[{"href":"https:\/\/bmin.info\/WP\/wp-json\/wp\/v2\/media?parent=9544"}],"curies":[{"name":"wp","href":"https:\/\/api.w.org\/{rel}","templated":true}]}}